





{"id":144,"date":"2019-04-25T11:50:56","date_gmt":"2019-04-25T09:50:56","guid":{"rendered":"https:\/\/encosh.org\/?page_id=144"},"modified":"2019-05-02T12:44:15","modified_gmt":"2019-05-02T10:44:15","slug":"perfil","status":"publish","type":"page","link":"https:\/\/encosh.org\/es\/perfil\/","title":{"rendered":"Perfil"},"content":{"rendered":"\n\n<div class=\"um um-profile um-140 um-role- \">\n\n\t<div class=\"um-form\" data-mode=\"profile\">\n\n\t\t\n\t<div class=\"um-header no-cover\">\n\n\t\t\n\t\t<div class=\"um-profile-photo\" data-user_id=\"0\"  aria-invalid=\"false\" >\n\n\t\t\t<a href=\"\" class=\"um-profile-photo-img\" title=\"\">\n\t\t\t\t<span class=\"um-profile-photo-overlay\">\n\t\t\t<span class=\"um-profile-photo-overlay-s\">\n\t\t\t\t<ins>\n\t\t\t\t\t<i class=\"um-faicon-camera\"><\/i>\n\t\t\t\t<\/ins>\n\t\t\t<\/span>\n\t\t<\/span><img alt='' src='https:\/\/secure.gravatar.com\/avatar\/?s=600&#038;d=mm&#038;r=g' srcset='https:\/\/secure.gravatar.com\/avatar\/?s=1200&#038;d=mm&#038;r=g 2x' class='avatar avatar-600 photo avatar-default' height='600' width='600' \/>\t\t\t<\/a>\n\n\t\t\t<div style=\"display: none !important;\"><div  id=\"um_field_140_profile_photo\" class=\"um-field um-field-image  um-field-profile_photo um-field-image um-field-type_image\" data-key=\"profile_photo\" data-mode=\"\" data-upload-label=\"Subir\"><input type=\"hidden\" name=\"profile_photo\" id=\"profile_photo\" value=\"\"  aria-invalid=\"false\" \/><div class=\"um-field-label\"><label for=\"profile_photo\">Cambiar tu foto de perfil<\/label><div class=\"um-clear\"><\/div><\/div><div class=\"um-field-area\" style=\"text-align: center;\"><div class=\"um-single-image-preview crop\" data-crop=\"square\" data-key=\"profile_photo\"><a href=\"javascript:void(0);\" class=\"cancel\"><i class=\"um-icon-close\"><\/i><\/a><img decoding=\"async\" class=\"fusion-lazyload-ignore\" src=\"\" alt=\"\" \/><div class=\"um-clear\"><\/div><\/div><a href=\"javascript:void(0);\" data-modal=\"um_upload_single\" data-modal-size=\"normal\" data-modal-copy=\"1\" class=\"um-button um-btn-auto-width\">Subir<\/a><\/div><div class=\"um-modal-hidden-content\"><div class=\"um-modal-header\"> Cambiar tu foto de perfil<\/div><div class=\"um-modal-body\"><div class=\"um-single-image-preview crop\"  data-crop=\"square\" data-ratio=\"1\" data-min_width=\"600\" data-min_height=\"600\" data-coord=\"\"><a href=\"javascript:void(0);\" class=\"cancel\"><i class=\"um-icon-close\"><\/i><\/a><img decoding=\"async\" class=\"fusion-lazyload-ignore\" src=\"\" alt=\"\" \/><div class=\"um-clear\"><\/div><\/div><div class=\"um-clear\"><\/div><div class=\"um-single-image-upload\" data-user_id=\"\" data-nonce=\"75811261b9\" data-timestamp=\"1778543156\"  data-set_id=\"140\" data-set_mode=\"\" data-type=\"image\" data-key=\"profile_photo\" data-max_size=\"6000000\" data-max_size_error=\"\u00a1Esta imagen es demasiado grande!\" data-min_size_error=\"\u00a1Esta imagen es demasiado peque\u00f1a!\" data-extension_error=\"Disculpa, pero no es una imagen v\u00e1lida.\"  data-allowed_types=\"gif,jpg,jpeg,png\" data-upload_text=\"Sube aqu\u00ed tu foto&lt;small class=&quot;um-max-filesize&quot;&gt;( m\u00e1x: &lt;span&gt;5.7MB&lt;\/span&gt; )&lt;\/small&gt;\" data-max_files_error=\"Solo puedes subir una imagen\" data-upload_help_text=\"\">Subir<\/div><div class=\"um-modal-footer\">\n\t\t\t\t\t\t\t\t\t<div class=\"um-modal-right\">\n\t\t\t\t\t\t\t\t\t\t<a href=\"javascript:void(0);\" class=\"um-modal-btn um-finish-upload image disabled\" data-key=\"profile_photo\" data-change=\"Cambiar la foto\" data-processing=\"Procesando...\">Aplicar<\/a>\n\t\t\t\t\t\t\t\t\t\t<a href=\"javascript:void(0);\" class=\"um-modal-btn alt\" data-action=\"um_remove_modal\"> Cancelar<\/a>\n\t\t\t\t\t\t\t\t\t<\/div>\n\t\t\t\t\t\t\t\t\t<div class=\"um-clear\"><\/div>\n\t\t\t\t\t\t\t\t<\/div><\/div><\/div><\/div><\/div>\n\t\t\t<div class=\"um-dropdown\" data-element=\"div.um-profile-photo\" data-position=\"bc\" data-trigger=\"click\">\n\t\t\t\t<div class=\"um-dropdown-b\">\n\t\t\t\t\t<div class=\"um-dropdown-arr\"><i class=\"\"><\/i><\/div>\n\t\t\t\t\t<ul>\n\t\t\t\t\t\t\t\t\t\t\t\t\t<li><a href=\"javascript:void(0);\" class=\"um-manual-trigger\" data-parent=\".um-profile-photo\" data-child=\".um-btn-auto-width\">Subir una foto<\/a><\/li>\n\t\t\t\t\t\t\t\t\t\t\t\t\t<li><a href=\"javascript:void(0);\" class=\"um-dropdown-hide\">Cancelar<\/a><\/li>\n\t\t\t\t\t\t\t\t\t\t\t<\/ul>\n\t\t\t\t<\/div>\n\t\t\t<\/div>\n\n\t\t\t\n\t\t<\/div>\n\n\t\t<div class=\"um-profile-meta\">\n\n\t\t\t\n\t\t\t<div class=\"um-main-meta\">\n\n\t\t\t\t\t\t\t\t\t<div class=\"um-name\">\n\n\t\t\t\t\t\t<a href=\"\"\n\t\t\t\t\t\t   title=\"\"><\/a>\n\n\t\t\t\t\t\t\t\t\t\t\t<\/div>\n\t\t\t\t\n\t\t\t\t<div class=\"um-clear\"><\/div>\n\n\t\t\t\t\n\t\t\t<\/div>\n\n\t\t\t\t\t\t\t<div class=\"um-meta\">\n\t\t\t\t\t\t\t\t\t<\/div>\n\t\t\t\t\n\t\t\t<div class=\"um-profile-status \">\n\t\t\t\t<span>\n\t\t\t\t\tEl estado de la cuenta de este usuario es Indefinido\t\t\t\t<\/span>\n\t\t\t<\/div>\n\n\t\t\t\t\t<\/div>\n\t\t<div class=\"um-clear\"><\/div>\n\n\t\t\n\t<\/div>\n\n\t\n\t\t<div class=\"um-profile-navbar \">\n\t\t\t            <div class=\"um-messaging-btn\">\n                            <\/div>\n            \t\t\t<div class=\"um-clear\"><\/div>\n\t\t<\/div>\n\n\t\t\n\t\t\t<div class=\"um-profile-nav\">\n\n\t\t\t\t\n\t\t\t\t\t<div class=\"um-profile-nav-item um-profile-nav-main  active\">\n\t\t\t\t\t\t\t\t\t\t\t\t\t<a href=\"https:\/\/encosh.org\/es\/wp-json\/wp\/v2\/pages\/144?profiletab=main\" class=\"uimob800-show uimob500-show uimob340-show um-tip-n\"\n\t\t\t\t\t\t\t   title=\"Informaci\u00f3n\" original-title=\"Informaci\u00f3n\" >\n\n\t\t\t\t\t\t\t\t<i class=\"um-faicon-user\"><\/i>\n\n\t\t\t\t\t\t\t\t\n\t\t\t\t\t\t\t\t<span class=\"uimob800-hide uimob500-hide uimob340-hide title\">Informaci\u00f3n<\/span>\n\t\t\t\t\t\t\t<\/a>\n\t\t\t\t\t\t\t<a href=\"https:\/\/encosh.org\/es\/wp-json\/wp\/v2\/pages\/144?profiletab=main\" class=\"uimob800-hide uimob500-hide uimob340-hide\"\n\t\t\t\t\t\t\t   title=\"Informaci\u00f3n\" >\n\n\t\t\t\t\t\t\t\t<i class=\"um-faicon-user\"><\/i>\n\n\t\t\t\t\t\t\t\t\n\t\t\t\t\t\t\t\t<span class=\"title\">Informaci\u00f3n<\/span>\n\t\t\t\t\t\t\t<\/a>\n\t\t\t\t\t\t\t\t\t\t\t<\/div>\n\n\t\t\t\t\n\t\t\t\t\t<div class=\"um-profile-nav-item um-profile-nav-initiatives \">\n\t\t\t\t\t\t\t\t\t\t\t\t\t<a href=\"https:\/\/encosh.org\/es\/wp-json\/wp\/v2\/pages\/144?profiletab=initiatives\" class=\"uimob800-show uimob500-show uimob340-show um-tip-n\"\n\t\t\t\t\t\t\t   title=\"Iniciativas\" original-title=\"Iniciativas\" >\n\n\t\t\t\t\t\t\t\t<i class=\"um-faicon-list\"><\/i>\n\n\t\t\t\t\t\t\t\t\n\t\t\t\t\t\t\t\t<span class=\"uimob800-hide uimob500-hide uimob340-hide title\">Iniciativas<\/span>\n\t\t\t\t\t\t\t<\/a>\n\t\t\t\t\t\t\t<a href=\"https:\/\/encosh.org\/es\/wp-json\/wp\/v2\/pages\/144?profiletab=initiatives\" class=\"uimob800-hide uimob500-hide uimob340-hide\"\n\t\t\t\t\t\t\t   title=\"Iniciativas\" >\n\n\t\t\t\t\t\t\t\t<i class=\"um-faicon-list\"><\/i>\n\n\t\t\t\t\t\t\t\t\n\t\t\t\t\t\t\t\t<span class=\"title\">Iniciativas<\/span>\n\t\t\t\t\t\t\t<\/a>\n\t\t\t\t\t\t\t\t\t\t\t<\/div>\n\n\t\t\t\t\n\t\t\t\t\t<div class=\"um-profile-nav-item um-profile-nav-commentaries \">\n\t\t\t\t\t\t\t\t\t\t\t\t\t<a href=\"https:\/\/encosh.org\/es\/wp-json\/wp\/v2\/pages\/144?profiletab=commentaries\" class=\"uimob800-show uimob500-show uimob340-show um-tip-n\"\n\t\t\t\t\t\t\t   title=\"Comentarios\" original-title=\"Comentarios\" >\n\n\t\t\t\t\t\t\t\t<i class=\"um-faicon-comment\"><\/i>\n\n\t\t\t\t\t\t\t\t\n\t\t\t\t\t\t\t\t<span class=\"uimob800-hide uimob500-hide uimob340-hide title\">Comentarios<\/span>\n\t\t\t\t\t\t\t<\/a>\n\t\t\t\t\t\t\t<a href=\"https:\/\/encosh.org\/es\/wp-json\/wp\/v2\/pages\/144?profiletab=commentaries\" class=\"uimob800-hide uimob500-hide uimob340-hide\"\n\t\t\t\t\t\t\t   title=\"Comentarios\" >\n\n\t\t\t\t\t\t\t\t<i class=\"um-faicon-comment\"><\/i>\n\n\t\t\t\t\t\t\t\t\n\t\t\t\t\t\t\t\t<span class=\"title\">Comentarios<\/span>\n\t\t\t\t\t\t\t<\/a>\n\t\t\t\t\t\t\t\t\t\t\t<\/div>\n\n\t\t\t\t\n\t\t\t\t\t<div class=\"um-profile-nav-item um-profile-nav-favorites \">\n\t\t\t\t\t\t\t\t\t\t\t\t\t<a href=\"https:\/\/encosh.org\/es\/wp-json\/wp\/v2\/pages\/144?profiletab=favorites\" class=\"uimob800-show uimob500-show uimob340-show um-tip-n\"\n\t\t\t\t\t\t\t   title=\"Favoritos\" original-title=\"Favoritos\" >\n\n\t\t\t\t\t\t\t\t<i class=\"um-icon-android-star\"><\/i>\n\n\t\t\t\t\t\t\t\t\n\t\t\t\t\t\t\t\t<span class=\"uimob800-hide uimob500-hide uimob340-hide title\">Favoritos<\/span>\n\t\t\t\t\t\t\t<\/a>\n\t\t\t\t\t\t\t<a href=\"https:\/\/encosh.org\/es\/wp-json\/wp\/v2\/pages\/144?profiletab=favorites\" class=\"uimob800-hide uimob500-hide uimob340-hide\"\n\t\t\t\t\t\t\t   title=\"Favoritos\" >\n\n\t\t\t\t\t\t\t\t<i class=\"um-icon-android-star\"><\/i>\n\n\t\t\t\t\t\t\t\t\n\t\t\t\t\t\t\t\t<span class=\"title\">Favoritos<\/span>\n\t\t\t\t\t\t\t<\/a>\n\t\t\t\t\t\t\t\t\t\t\t<\/div>\n\n\t\t\t\t\n\t\t\t\t<div class=\"um-clear\"><\/div>\n\n\t\t\t<\/div>\n\n\t\t\n\t\t\t\t<div class=\"um-profile-body main main-default\">\n\n\t\t\t\t\t<p class=\"um-profile-note\"><i class=\"um-faicon-frown-o\"><\/i><span>Este usuario a\u00fan no ha a\u00f1adido informaci\u00f3n a su perfil.<\/span><\/p><div class=\"um-row-heading\" style=\"margin: 0px 0px 30px 0px;margin-bottom: 0px;border-width: 0px 0px 0px 0px;border-style: solid;border-radius: 0px 0px 0px 0px;border-bottom-width: 0px;\">Personnal section<\/div><div class=\"um-row _um_row_1 profile_form_personnal_section\" style=\"padding: 0px 0px 0px 0px;margin: 0px 0px 30px 0px;margin-top: 0px;border-width: 0px 0px 0px 0px;border-top-width: 0px;border-style: solid;border-radius: 0px 0px 0px 0px;\"><div class=\"um-col-1\"><\/div><\/div><div class=\"um-row-heading\" style=\"margin: 0px 0px 30px 0px;margin-bottom: 0px;border-width: 0px 0px 0px 0px;border-style: solid;border-radius: 0px 0px 0px 0px;border-bottom-width: 0px;\">Professional section<\/div><div class=\"um-row _um_row_2 profile_form_professional_section\" style=\"padding: 0px 0px 0px 0px;margin: 0px 0px 30px 0px;margin-top: 0px;border-width: 0px 0px 0px 0px;border-top-width: 0px;border-style: solid;border-radius: 0px 0px 0px 0px;\"><div class=\"um-col-1\"><\/div><\/div><div class=\"um-row-heading\" style=\"margin: 0px 0px 30px 0px;margin-bottom: 0px;border-width: 0px 0px 0px 0px;border-style: solid;border-radius: 0px 0px 0px 0px;border-bottom-width: 0px;\">Human - Wildlife interactions section<\/div><div class=\"um-row _um_row_3 profile_form_hwc_section\" style=\"padding: 0px 0px 0px 0px;margin: 0px 0px 30px 0px;margin-top: 0px;border-width: 0px 0px 0px 0px;border-top-width: 0px;border-style: solid;border-radius: 0px 0px 0px 0px;\"><div class=\"um-col-1\"><\/div><\/div><div class=\"um-row-heading\" style=\"margin: 0px 0px 30px 0px;margin-bottom: 0px;border-width: 0px 0px 0px 0px;border-style: solid;border-radius: 0px 0px 0px 0px;border-bottom-width: 0px;\">notificaciones<\/div><div class=\"um-row _um_row_4 profile_form_notif_section\" style=\"padding: 0px 0px 0px 0px;margin: 0px 0px 30px 0px;margin-top: 0px;border-width: 0px 0px 0px 0px;border-top-width: 0px;border-style: solid;border-radius: 0px 0px 0px 0px;\"><div class=\"um-col-1\"><\/div><\/div><div class=\"um-row-heading\" style=\"margin: 0px 0px 30px 0px;margin-bottom: 0px;border-width: 0px 0px 0px 0px;border-style: solid;border-radius: 0px 0px 0px 0px;border-bottom-width: 0px;\">Contact section<\/div><div class=\"um-row _um_row_5 profile_form_contact_section\" style=\"padding: 0px 0px 0px 0px;margin: 0px 0px 30px 0px;margin-top: 0px;border-width: 0px 0px 0px 0px;border-top-width: 0px;border-style: solid;border-radius: 0px 0px 0px 0px;\"><div class=\"um-col-1\"><\/div><\/div>\t\t<input type=\"hidden\" name=\"form_id\" id=\"form_id_140\" value=\"140\" \/>\n\t\n\t<p class=\"um_request_name\">\n\t\t<label for=\"um_request_140\">Only fill in if you are not human<\/label>\n\t\t<input type=\"hidden\" name=\"um_request\" id=\"um_request_140\" class=\"input\" value=\"\" size=\"25\" autocomplete=\"off\" \/>\n\t<\/p>\n\n\t\n\t\t\t\t\t<div class=\"clear\"><\/div>\n\t\t\t\t<\/div>\n\n\t\t\t\t<\/div>\n<\/div>\n<style>\n\t\t\t.um-140.um {\n\t\t\tmax-width: 1000px;\n\t\t}\n\t\t<\/style>\n<style>\n\t\t\t.um-140.um .um-profile-body {\n\t\t\tmax-width: 600px;\n\t\t}\n\t\t.um-140.um .um-profile-photo a.um-profile-photo-img {\n\t\twidth: 600px;\n\t\theight: 600px;\n\t}\n\t.um-140.um .um-profile-photo a.um-profile-photo-img {\n\t\ttop: -310px;\n\t}\n\t\t\t.um-140.um .um-profile-meta {\n\t\t\tpadding-left: 660px;\n\t\t}\n\t<\/style>\n\n","protected":false},"excerpt":{"rendered":"","protected":false},"author":1,"featured_media":0,"parent":0,"menu_order":0,"comment_status":"closed","ping_status":"closed","template":"","meta":{"_acf_changed":false,"_bbp_topic_count":0,"_bbp_reply_count":0,"_bbp_total_topic_count":0,"_bbp_total_reply_count":0,"_bbp_voice_count":0,"_bbp_anonymous_reply_count":0,"_bbp_topic_count_hidden":0,"_bbp_reply_count_hidden":0,"_bbp_forum_subforum_count":0,"_et_pb_use_builder":"","_et_pb_old_content":"","_et_gb_content_width":"","footnotes":""},"class_list":["post-144","page","type-page","status-publish","hentry"],"acf":[],"_links":{"self":[{"href":"https:\/\/encosh.org\/es\/wp-json\/wp\/v2\/pages\/144","targetHints":{"allow":["GET"]}}],"collection":[{"href":"https:\/\/encosh.org\/es\/wp-json\/wp\/v2\/pages"}],"about":[{"href":"https:\/\/encosh.org\/es\/wp-json\/wp\/v2\/types\/page"}],"author":[{"embeddable":true,"href":"https:\/\/encosh.org\/es\/wp-json\/wp\/v2\/users\/1"}],"replies":[{"embeddable":true,"href":"https:\/\/encosh.org\/es\/wp-json\/wp\/v2\/comments?post=144"}],"version-history":[{"count":3,"href":"https:\/\/encosh.org\/es\/wp-json\/wp\/v2\/pages\/144\/revisions"}],"predecessor-version":[{"id":167,"href":"https:\/\/encosh.org\/es\/wp-json\/wp\/v2\/pages\/144\/revisions\/167"}],"wp:attachment":[{"href":"https:\/\/encosh.org\/es\/wp-json\/wp\/v2\/media?parent=144"}],"curies":[{"name":"wp","href":"https:\/\/api.w.org\/{rel}","templated":true}]}}