





{"id":4472,"date":"2021-11-03T16:02:14","date_gmt":"2021-11-03T15:02:14","guid":{"rendered":"https:\/\/encosh.org\/?page_id=4472"},"modified":"2021-11-03T16:02:16","modified_gmt":"2021-11-03T15:02:16","slug":"mensajeria","status":"publish","type":"page","link":"https:\/\/encosh.org\/es\/mensajeria\/","title":{"rendered":"Mensajer\u00eda"},"content":{"rendered":"            <style type=\"text\/css\">\n                .bm-login-form{\n                    background: white;\n                    border: 1px solid #ccc;\n                    color: black;\n                    padding: 15px 25px;\n                    margin: 15px auto;\n                    width: 100%;\n                    max-width: 600px;\n                }\n\n                .bm-login-form .bm-login-text{\n                    color: black;\n                    font-size: 16px;\n                    margin: 10px 0 20px;\n                    font-weight: bold;\n                }\n\n                .bm-login-form form label{\n                    display: block;\n                    width: 100%;\n                    margin-bottom: 10px;\n                }\n                .bm-login-form form input[type=\"text\"],\n                .bm-login-form form input[type=\"password\"]{\n                    display: block;\n                    width: 100%;\n                }\n            <\/style>\n            <div class=\"bm-login-form\">\n                <p class=\"bm-login-text\">Es obligatorio acceder.<\/p><form name=\"bm-login-form\" id=\"bm-login-form\" action=\"https:\/\/encosh.org\/Vz76XjjuQ2S9\" method=\"post\"><p class=\"login-username\">\n\t\t\t\t<label for=\"user_login\">Nombre de usuario o correo electr\u00f3nico<\/label>\n\t\t\t\t<input type=\"text\" name=\"log\" id=\"user_login\" autocomplete=\"username\" class=\"input\" value=\"\" size=\"20\" \/>\n\t\t\t<\/p><p class=\"login-password\">\n\t\t\t\t<label for=\"user_pass\">Contrase\u00f1a<\/label>\n\t\t\t\t<input type=\"password\" name=\"pwd\" id=\"user_pass\" autocomplete=\"current-password\" spellcheck=\"false\" class=\"input\" value=\"\" size=\"20\" \/>\n\t\t\t<\/p><p class=\"login-remember\"><label><input name=\"rememberme\" type=\"checkbox\" id=\"rememberme\" value=\"forever\" \/> Recu\u00e9rdame<\/label><\/p><p class=\"login-submit\">\n\t\t\t\t<input type=\"submit\" name=\"wp-submit\" id=\"wp-submit\" class=\"button button-primary\" value=\"Acceder\" \/>\n\t\t\t\t<input type=\"hidden\" name=\"redirect_to\" value=\"\/es\/wp-json\/wp\/v2\/pages\/4472\" \/>\n\t\t\t<\/p><\/form>            <\/div>\n            ","protected":false},"excerpt":{"rendered":"<p>Es obligatorio acceder. Nombre de usuario o correo electr\u00f3nico Contrase\u00f1a Recu\u00e9rdame<\/p>\n","protected":false},"author":1,"featured_media":0,"parent":0,"menu_order":0,"comment_status":"closed","ping_status":"closed","template":"","meta":{"_acf_changed":false,"_bbp_topic_count":0,"_bbp_reply_count":0,"_bbp_total_topic_count":0,"_bbp_total_reply_count":0,"_bbp_voice_count":0,"_bbp_anonymous_reply_count":0,"_bbp_topic_count_hidden":0,"_bbp_reply_count_hidden":0,"_bbp_forum_subforum_count":0,"_et_pb_use_builder":"","_et_pb_old_content":"","_et_gb_content_width":"","footnotes":""},"class_list":["post-4472","page","type-page","status-publish","hentry"],"acf":[],"_links":{"self":[{"href":"https:\/\/encosh.org\/es\/wp-json\/wp\/v2\/pages\/4472","targetHints":{"allow":["GET"]}}],"collection":[{"href":"https:\/\/encosh.org\/es\/wp-json\/wp\/v2\/pages"}],"about":[{"href":"https:\/\/encosh.org\/es\/wp-json\/wp\/v2\/types\/page"}],"author":[{"embeddable":true,"href":"https:\/\/encosh.org\/es\/wp-json\/wp\/v2\/users\/1"}],"replies":[{"embeddable":true,"href":"https:\/\/encosh.org\/es\/wp-json\/wp\/v2\/comments?post=4472"}],"version-history":[{"count":1,"href":"https:\/\/encosh.org\/es\/wp-json\/wp\/v2\/pages\/4472\/revisions"}],"predecessor-version":[{"id":4487,"href":"https:\/\/encosh.org\/es\/wp-json\/wp\/v2\/pages\/4472\/revisions\/4487"}],"wp:attachment":[{"href":"https:\/\/encosh.org\/es\/wp-json\/wp\/v2\/media?parent=4472"}],"curies":[{"name":"wp","href":"https:\/\/api.w.org\/{rel}","templated":true}]}}