





{"id":76,"date":"2019-04-18T15:19:12","date_gmt":"2019-04-18T13:19:12","guid":{"rendered":"https:\/\/encosh.org\/?page_id=76"},"modified":"2020-05-07T20:08:14","modified_gmt":"2020-05-07T18:08:14","slug":"publicar","status":"publish","type":"page","link":"https:\/\/encosh.org\/es\/publicar\/","title":{"rendered":"Enviar su iniciativa"},"content":{"rendered":"\n<p class=\"encosh_justify\">Aqu\u00ed tiene la<strong> oportunidad de compartir sus conocimientos, habilidades y experiencias sobre una iniciativa que permitir\u00e1 a otras personas<\/strong> 1\/ evaluar si su iniciativa podr\u00eda aplicarse en su propio contexto y 2\/ configurarla (adaptarla) y usarla localmente.<\/p>\n\n\n\n<p class=\"encosh_justify\"><strong>Es importante resaltar aqu\u00ed que,<\/strong> en la medida de lo posible, <strong> lo que se espera es compartir una sola iniciativa<\/strong> (por ejemplo, pr\u00e1ctica de prevenci\u00f3n, medida de protecci\u00f3n, incentivo de informaci\u00f3n y comunicaci\u00f3n, pol\u00edtica, mediaci\u00f3n, instrumentos financieros &#8230;) <strong>en lugar de un proyecto \/ programa completo<\/strong> m\u00e1s f\u00e1cil de adaptar de un contexto a otro.<\/p>\n\n\n\n<p class=\"encosh_justify\"><em>Para que su iniciativa sea m\u00e1s clara y m\u00e1s interesante para un p\u00fablico m\u00e1s amplio, nuestro comit\u00e9 interno revisar\u00e1 este formulario para mejorar el impacto de la informaci\u00f3n provista, siempre que sea necesario, y garantizar as\u00ed<\/em> que sea adecuado para su publicaci\u00f3n en la plataforma ENCOSH<em>. La revisi\u00f3n se realizar\u00e1 en el plazo de dos semanas, y todos los comentarios ser\u00e1n tomados en cuenta para concluir el proceso y validar el formulario.<\/em><\/p>\n\n\n\n<div class=\"wp-block-group\"><div class=\"wp-block-group__inner-container is-layout-flow wp-block-group-is-layout-flow\">\n<div class=\"wp-block-group is-layout-flow wp-block-group-is-layout-flow\"><div class=\"wp-block-group__inner-container\"><\/div><\/div>\n<\/div><\/div>\n\n\n\n","protected":false},"excerpt":{"rendered":"<p>Aqu\u00ed tiene la oportunidad de compartir sus conocimientos, habilidades y experiencias sobre una iniciativa que permitir\u00e1 a otras personas 1\/ evaluar si su iniciativa podr\u00eda aplicarse en su propio contexto [&hellip;]<\/p>\n","protected":false},"author":1,"featured_media":0,"parent":0,"menu_order":0,"comment_status":"closed","ping_status":"closed","template":"template-publish.php","meta":{"_acf_changed":false,"_bbp_topic_count":0,"_bbp_reply_count":0,"_bbp_total_topic_count":0,"_bbp_total_reply_count":0,"_bbp_voice_count":0,"_bbp_anonymous_reply_count":0,"_bbp_topic_count_hidden":0,"_bbp_reply_count_hidden":0,"_bbp_forum_subforum_count":0,"_et_pb_use_builder":"","_et_pb_old_content":"","_et_gb_content_width":"","footnotes":""},"class_list":["post-76","page","type-page","status-publish","hentry"],"acf":[],"_links":{"self":[{"href":"https:\/\/encosh.org\/es\/wp-json\/wp\/v2\/pages\/76","targetHints":{"allow":["GET"]}}],"collection":[{"href":"https:\/\/encosh.org\/es\/wp-json\/wp\/v2\/pages"}],"about":[{"href":"https:\/\/encosh.org\/es\/wp-json\/wp\/v2\/types\/page"}],"author":[{"embeddable":true,"href":"https:\/\/encosh.org\/es\/wp-json\/wp\/v2\/users\/1"}],"replies":[{"embeddable":true,"href":"https:\/\/encosh.org\/es\/wp-json\/wp\/v2\/comments?post=76"}],"version-history":[{"count":11,"href":"https:\/\/encosh.org\/es\/wp-json\/wp\/v2\/pages\/76\/revisions"}],"predecessor-version":[{"id":2891,"href":"https:\/\/encosh.org\/es\/wp-json\/wp\/v2\/pages\/76\/revisions\/2891"}],"wp:attachment":[{"href":"https:\/\/encosh.org\/es\/wp-json\/wp\/v2\/media?parent=76"}],"curies":[{"name":"wp","href":"https:\/\/api.w.org\/{rel}","templated":true}]}}